{"id":746,"date":"2023-07-13T13:56:31","date_gmt":"2023-07-13T13:56:31","guid":{"rendered":"https:\/\/www.binter.wine\/?post_type=product&#038;p=746"},"modified":"2024-06-28T03:54:43","modified_gmt":"2024-06-28T03:54:43","slug":"terra-montis-nuda-2021","status":"publish","type":"product","link":"https:\/\/www.binter.wine\/en\/product\/terra-montis-nuda-2021\/","title":{"rendered":"Terra Montis \u2013 Nuda 2021"},"content":{"rendered":"<p class=\"v1MsoNormal\"><span lang=\"EN-US\">Sauvignon Blanc &amp; Chardonnay<\/span><\/p>\n<p class=\"v1MsoNormal\">60% hochreifer Sauvignon Blanc im gro\u00dfen Holz der Lage Weingartj\u00f6rgl\u00a0 im gebrauchten Holz ausgebaut trifft 40% feinsten Chardonnay vom Weingut Vulgo Ritter vinifiziert in der Amphore von Alexander Egger.<\/p>\n<p class=\"v1MsoNormal\">Das Ergebnis:<br \/>\nEin hochkonzentriertes Zusammenspiel aus tropischen, grasigen und zart nussigen Aromen. Getragen von einer vitalen S\u00e4urestruktur die so typisch ist f\u00fcr seine K\u00e4rntner Herkunft.<\/p>\n","protected":false},"excerpt":{"rendered":"<p>K\u00e4rnten<\/p>\n<p>trocken<\/p>\n<p>Alkohol 12.5% Vol.<\/p>\n<p>Verpackt in 6er Karton<\/p>\n","protected":false},"featured_media":1510,"comment_status":"closed","ping_status":"closed","template":"","meta":[],"product_brand":[],"product_cat":[49,22],"product_tag":[],"class_list":{"0":"post-746","1":"product","2":"type-product","3":"status-publish","4":"has-post-thumbnail","6":"product_cat-sonderedition","7":"product_cat-weisswein","9":"first","10":"instock","11":"taxable","12":"shipping-taxable","13":"purchasable","14":"product-type-simple"},"_links":{"self":[{"href":"https:\/\/www.binter.wine\/en\/wp-json\/wp\/v2\/product\/746","targetHints":{"allow":["GET"]}}],"collection":[{"href":"https:\/\/www.binter.wine\/en\/wp-json\/wp\/v2\/product"}],"about":[{"href":"https:\/\/www.binter.wine\/en\/wp-json\/wp\/v2\/types\/product"}],"replies":[{"embeddable":true,"href":"https:\/\/www.binter.wine\/en\/wp-json\/wp\/v2\/comments?post=746"}],"version-history":[{"count":4,"href":"https:\/\/www.binter.wine\/en\/wp-json\/wp\/v2\/product\/746\/revisions"}],"predecessor-version":[{"id":1103,"href":"https:\/\/www.binter.wine\/en\/wp-json\/wp\/v2\/product\/746\/revisions\/1103"}],"wp:featuredmedia":[{"embeddable":true,"href":"https:\/\/www.binter.wine\/en\/wp-json\/wp\/v2\/media\/1510"}],"wp:attachment":[{"href":"https:\/\/www.binter.wine\/en\/wp-json\/wp\/v2\/media?parent=746"}],"wp:term":[{"taxonomy":"product_brand","embeddable":true,"href":"https:\/\/www.binter.wine\/en\/wp-json\/wp\/v2\/product_brand?post=746"},{"taxonomy":"product_cat","embeddable":true,"href":"https:\/\/www.binter.wine\/en\/wp-json\/wp\/v2\/product_cat?post=746"},{"taxonomy":"product_tag","embeddable":true,"href":"https:\/\/www.binter.wine\/en\/wp-json\/wp\/v2\/product_tag?post=746"}],"curies":[{"name":"wp","href":"https:\/\/api.w.org\/{rel}","templated":true}]}}