{"id":717,"date":"2023-07-04T18:45:28","date_gmt":"2023-07-04T18:45:28","guid":{"rendered":"https:\/\/www.binter.wine\/?post_type=product&#038;p=717"},"modified":"2024-06-28T03:56:08","modified_gmt":"2024-06-28T03:56:08","slug":"burgunder-amphore-2018","status":"publish","type":"product","link":"https:\/\/www.binter.wine\/en\/product\/burgunder-amphore-2018\/","title":{"rendered":"Sternberg Burgunder Amphore 2018"},"content":{"rendered":"<p>Selektive Handlese, 6 Monate auf Maische in Amphore, danach 20 Monate Reifung in der Amphore.<\/p>\n<p>In der Nase tiefw\u00fcrzig und intensiv. Floral, D\u00f6rrobst und Vanille ein verf\u00fchrerischer Duft. Am Gaumen straff, pr\u00e4sente Tannine, zreifem Birnen, Pflaumen\u00a0 und Nougat, trockener Abgang, sch\u00f6ne Mineralik.<\/p>\n","protected":false},"excerpt":{"rendered":"<p>K\u00e4rnten<\/p>\n<p>Natural Orange Wein, trocken<\/p>\n<p>Alkohol 13.5% Vol.<\/p>\n<p>Verpackt in 6er Karton<\/p>\n<p>&nbsp;<\/p>\n","protected":false},"featured_media":1517,"comment_status":"closed","ping_status":"closed","template":"","meta":[],"product_brand":[],"product_cat":[40,42],"product_tag":[51],"class_list":{"0":"post-717","1":"product","2":"type-product","3":"status-publish","4":"has-post-thumbnail","6":"product_cat-naturwein","7":"product_cat-orange-wein","8":"product_tag-weingut-sternberg","10":"first","11":"instock","12":"taxable","13":"shipping-taxable","14":"purchasable","15":"product-type-simple"},"_links":{"self":[{"href":"https:\/\/www.binter.wine\/en\/wp-json\/wp\/v2\/product\/717","targetHints":{"allow":["GET"]}}],"collection":[{"href":"https:\/\/www.binter.wine\/en\/wp-json\/wp\/v2\/product"}],"about":[{"href":"https:\/\/www.binter.wine\/en\/wp-json\/wp\/v2\/types\/product"}],"replies":[{"embeddable":true,"href":"https:\/\/www.binter.wine\/en\/wp-json\/wp\/v2\/comments?post=717"}],"version-history":[{"count":2,"href":"https:\/\/www.binter.wine\/en\/wp-json\/wp\/v2\/product\/717\/revisions"}],"predecessor-version":[{"id":1519,"href":"https:\/\/www.binter.wine\/en\/wp-json\/wp\/v2\/product\/717\/revisions\/1519"}],"wp:featuredmedia":[{"embeddable":true,"href":"https:\/\/www.binter.wine\/en\/wp-json\/wp\/v2\/media\/1517"}],"wp:attachment":[{"href":"https:\/\/www.binter.wine\/en\/wp-json\/wp\/v2\/media?parent=717"}],"wp:term":[{"taxonomy":"product_brand","embeddable":true,"href":"https:\/\/www.binter.wine\/en\/wp-json\/wp\/v2\/product_brand?post=717"},{"taxonomy":"product_cat","embeddable":true,"href":"https:\/\/www.binter.wine\/en\/wp-json\/wp\/v2\/product_cat?post=717"},{"taxonomy":"product_tag","embeddable":true,"href":"https:\/\/www.binter.wine\/en\/wp-json\/wp\/v2\/product_tag?post=717"}],"curies":[{"name":"wp","href":"https:\/\/api.w.org\/{rel}","templated":true}]}}