{"id":707,"date":"2023-07-04T19:07:26","date_gmt":"2023-07-04T19:07:26","guid":{"rendered":"https:\/\/www.binter.wine\/?post_type=product&#038;p=707"},"modified":"2024-12-10T07:23:28","modified_gmt":"2024-12-10T07:23:28","slug":"pinot-2021","status":"publish","type":"product","link":"https:\/\/www.binter.wine\/en\/product\/pinot-2021\/","title":{"rendered":"Sternberg Pinot 2022"},"content":{"rendered":"<p>Ausbau 24 Monate im Barrique Fass.<\/p>\n<p>Ausgepr\u00e4te Fruchtaromatik, Erdbeere, Himbeere, Weichseln bis hin zu D\u00f6rrpflaumen. Gut eingebundene Holzaromen und feine Tanninstruktur. Typisch alpine, k\u00fchle Stilistik.<\/p>\n<p>&nbsp;<\/p>\n","protected":false},"excerpt":{"rendered":"<p>K\u00e4rnten<\/p>\n<p>trocken<\/p>\n<p>Alkohol 13.5% Vol.<\/p>\n<p>Verpackt in 6er Karton<\/p>\n","protected":false},"featured_media":1513,"comment_status":"closed","ping_status":"closed","template":"","meta":[],"product_brand":[],"product_cat":[15,41],"product_tag":[51],"class_list":{"0":"post-707","1":"product","2":"type-product","3":"status-publish","4":"has-post-thumbnail","6":"product_cat-rotwein","7":"product_cat-biowein","8":"product_tag-weingut-sternberg","10":"first","11":"instock","12":"taxable","13":"shipping-taxable","14":"purchasable","15":"product-type-simple"},"_links":{"self":[{"href":"https:\/\/www.binter.wine\/en\/wp-json\/wp\/v2\/product\/707","targetHints":{"allow":["GET"]}}],"collection":[{"href":"https:\/\/www.binter.wine\/en\/wp-json\/wp\/v2\/product"}],"about":[{"href":"https:\/\/www.binter.wine\/en\/wp-json\/wp\/v2\/types\/product"}],"replies":[{"embeddable":true,"href":"https:\/\/www.binter.wine\/en\/wp-json\/wp\/v2\/comments?post=707"}],"version-history":[{"count":4,"href":"https:\/\/www.binter.wine\/en\/wp-json\/wp\/v2\/product\/707\/revisions"}],"predecessor-version":[{"id":1968,"href":"https:\/\/www.binter.wine\/en\/wp-json\/wp\/v2\/product\/707\/revisions\/1968"}],"wp:featuredmedia":[{"embeddable":true,"href":"https:\/\/www.binter.wine\/en\/wp-json\/wp\/v2\/media\/1513"}],"wp:attachment":[{"href":"https:\/\/www.binter.wine\/en\/wp-json\/wp\/v2\/media?parent=707"}],"wp:term":[{"taxonomy":"product_brand","embeddable":true,"href":"https:\/\/www.binter.wine\/en\/wp-json\/wp\/v2\/product_brand?post=707"},{"taxonomy":"product_cat","embeddable":true,"href":"https:\/\/www.binter.wine\/en\/wp-json\/wp\/v2\/product_cat?post=707"},{"taxonomy":"product_tag","embeddable":true,"href":"https:\/\/www.binter.wine\/en\/wp-json\/wp\/v2\/product_tag?post=707"}],"curies":[{"name":"wp","href":"https:\/\/api.w.org\/{rel}","templated":true}]}}