{"id":1193,"date":"2023-07-24T23:24:32","date_gmt":"2023-07-24T23:24:32","guid":{"rendered":"https:\/\/www.binter.wine\/?post_type=product&#038;p=1193"},"modified":"2024-02-20T19:53:48","modified_gmt":"2024-02-20T19:53:48","slug":"joerg-bretz-weissburgunder-2013","status":"publish","type":"product","link":"https:\/\/www.binter.wine\/en\/product\/joerg-bretz-weissburgunder-2013\/","title":{"rendered":"J\u00f6rg Bretz Wei\u00dfburgunder 2013"},"content":{"rendered":"<p>Vinifikation<\/p>\n<p>Selektion im Weinberg, 24 Stunden Maischestandzeit, pressen, grobe Sedimentation, Spontang\u00e4rung, 50 % im Barrique 50 % im gro\u00dfen Holz (1200 Liter). Reifung im Barrique.<\/p>\n<p>Ausbau:<\/p>\n<p>30 Monate im kleinen Eichenfass, nach nat\u00fcrlicher Kl\u00e4rung, 4 Jahre Reifung im gro\u00dfen Eichenfass, 12 Monate Reifung in der Flasche.<\/p>\n<p>Weinbeschreibung:<\/p>\n<p>Haselnuss, Kokosflocken, Litschi, Marillenpalatschinken, Quittenbrot<\/p>\n<p>&nbsp;<\/p>\n","protected":false},"excerpt":{"rendered":"<p>Neusiedlersee \/ Jois<\/p>\n<p>trocken<\/p>\n<p>Alkohol 13% Vol.<\/p>\n<p>Verpackt in 6er Karton<\/p>\n","protected":false},"featured_media":1544,"comment_status":"closed","ping_status":"closed","template":"","meta":[],"product_brand":[],"product_cat":[40,22],"product_tag":[52],"class_list":{"0":"post-1193","1":"product","2":"type-product","3":"status-publish","4":"has-post-thumbnail","6":"product_cat-naturwein","7":"product_cat-weisswein","8":"product_tag-joerg-bretz","10":"first","11":"instock","12":"taxable","13":"shipping-taxable","14":"purchasable","15":"product-type-simple"},"_links":{"self":[{"href":"https:\/\/www.binter.wine\/en\/wp-json\/wp\/v2\/product\/1193","targetHints":{"allow":["GET"]}}],"collection":[{"href":"https:\/\/www.binter.wine\/en\/wp-json\/wp\/v2\/product"}],"about":[{"href":"https:\/\/www.binter.wine\/en\/wp-json\/wp\/v2\/types\/product"}],"replies":[{"embeddable":true,"href":"https:\/\/www.binter.wine\/en\/wp-json\/wp\/v2\/comments?post=1193"}],"version-history":[{"count":3,"href":"https:\/\/www.binter.wine\/en\/wp-json\/wp\/v2\/product\/1193\/revisions"}],"predecessor-version":[{"id":1876,"href":"https:\/\/www.binter.wine\/en\/wp-json\/wp\/v2\/product\/1193\/revisions\/1876"}],"wp:featuredmedia":[{"embeddable":true,"href":"https:\/\/www.binter.wine\/en\/wp-json\/wp\/v2\/media\/1544"}],"wp:attachment":[{"href":"https:\/\/www.binter.wine\/en\/wp-json\/wp\/v2\/media?parent=1193"}],"wp:term":[{"taxonomy":"product_brand","embeddable":true,"href":"https:\/\/www.binter.wine\/en\/wp-json\/wp\/v2\/product_brand?post=1193"},{"taxonomy":"product_cat","embeddable":true,"href":"https:\/\/www.binter.wine\/en\/wp-json\/wp\/v2\/product_cat?post=1193"},{"taxonomy":"product_tag","embeddable":true,"href":"https:\/\/www.binter.wine\/en\/wp-json\/wp\/v2\/product_tag?post=1193"}],"curies":[{"name":"wp","href":"https:\/\/api.w.org\/{rel}","templated":true}]}}