{"id":1187,"date":"2023-07-24T23:18:34","date_gmt":"2023-07-24T23:18:34","guid":{"rendered":"https:\/\/www.binter.wine\/?post_type=product&#038;p=1187"},"modified":"2024-02-20T19:54:19","modified_gmt":"2024-02-20T19:54:19","slug":"joerg-bretz-gruener-veltliner-sekt-brut-nature-2016","status":"publish","type":"product","link":"https:\/\/www.binter.wine\/en\/product\/joerg-bretz-gruener-veltliner-sekt-brut-nature-2016\/","title":{"rendered":"J\u00f6rg Bretz Gr\u00fcner Veltliner Sekt Brut Nature 2016"},"content":{"rendered":"<p>Vinifikation:<\/p>\n<p>Selektion im Weinberg, 6 Stunden Maischestandzeit, pressen, grobe Sedimentation, Spontang\u00e4rung, im gro\u00dfen Holz (1200 Liter).<\/p>\n<p>Ausbau:<\/p>\n<p>12 Monate im gro\u00dfen Holzfass, nach nat\u00fcrlicher Kl\u00e4rung, 1 Jahr Reifung im gro\u00dfen Eichenfass. Danach klassische Flascheng\u00e4rung. Abgef\u00fcllt ohne SO2 Zugabe.<\/p>\n<p>Weinbeschreibung:<\/p>\n<p>Hefe, Lindenbl\u00fcten, Rhabarber, Brioche<\/p>\n<p>&nbsp;<\/p>\n","protected":false},"excerpt":{"rendered":"<p>Neusiedlersee Jois<\/p>\n<p>trocken<\/p>\n<p>Alkohol 13% Vol.<\/p>\n<p>Verpackt in 6er Karton<\/p>\n","protected":false},"featured_media":1548,"comment_status":"closed","ping_status":"closed","template":"","meta":[],"product_brand":[],"product_cat":[40,25],"product_tag":[52],"class_list":{"0":"post-1187","1":"product","2":"type-product","3":"status-publish","4":"has-post-thumbnail","6":"product_cat-naturwein","7":"product_cat-schaumwein","8":"product_tag-joerg-bretz","10":"first","11":"instock","12":"taxable","13":"shipping-taxable","14":"purchasable","15":"product-type-simple"},"_links":{"self":[{"href":"https:\/\/www.binter.wine\/en\/wp-json\/wp\/v2\/product\/1187","targetHints":{"allow":["GET"]}}],"collection":[{"href":"https:\/\/www.binter.wine\/en\/wp-json\/wp\/v2\/product"}],"about":[{"href":"https:\/\/www.binter.wine\/en\/wp-json\/wp\/v2\/types\/product"}],"replies":[{"embeddable":true,"href":"https:\/\/www.binter.wine\/en\/wp-json\/wp\/v2\/comments?post=1187"}],"version-history":[{"count":2,"href":"https:\/\/www.binter.wine\/en\/wp-json\/wp\/v2\/product\/1187\/revisions"}],"predecessor-version":[{"id":1552,"href":"https:\/\/www.binter.wine\/en\/wp-json\/wp\/v2\/product\/1187\/revisions\/1552"}],"wp:featuredmedia":[{"embeddable":true,"href":"https:\/\/www.binter.wine\/en\/wp-json\/wp\/v2\/media\/1548"}],"wp:attachment":[{"href":"https:\/\/www.binter.wine\/en\/wp-json\/wp\/v2\/media?parent=1187"}],"wp:term":[{"taxonomy":"product_brand","embeddable":true,"href":"https:\/\/www.binter.wine\/en\/wp-json\/wp\/v2\/product_brand?post=1187"},{"taxonomy":"product_cat","embeddable":true,"href":"https:\/\/www.binter.wine\/en\/wp-json\/wp\/v2\/product_cat?post=1187"},{"taxonomy":"product_tag","embeddable":true,"href":"https:\/\/www.binter.wine\/en\/wp-json\/wp\/v2\/product_tag?post=1187"}],"curies":[{"name":"wp","href":"https:\/\/api.w.org\/{rel}","templated":true}]}}