{"id":1180,"date":"2023-07-24T23:13:43","date_gmt":"2023-07-24T23:13:43","guid":{"rendered":"https:\/\/www.binter.wine\/?post_type=product&#038;p=1180"},"modified":"2023-08-10T03:34:11","modified_gmt":"2023-08-10T03:34:11","slug":"joerg-bretz-pinot-noir-2002","status":"publish","type":"product","link":"https:\/\/www.binter.wine\/en\/product\/joerg-bretz-pinot-noir-2002\/","title":{"rendered":"J\u00f6rg Bretz Pinot Noir 2002"},"content":{"rendered":"<p>Vinifikation:<\/p>\n<p>Selektion im Weingarten, Handlese, schonende Verarbeitung, sehr moderates, manuelles Untertauchen<br \/>\n(1xpro Tag) Mazeration 16 Tage. Kein Pressen, sondern nur frei ablaufender Wein<\/p>\n<p>Ausbau:<\/p>\n<p>Malolaktik im Barrique. 12 Monate im Barrique. 15 Monate Reifung im gro\u00dfen Holzfa\u00df. Nach nat\u00fcrlicher<br \/>\nKl\u00e4rung 1 Jahr Flaschenreifung.<\/p>\n<p>Weinbeschreibung:<\/p>\n<p>Feine, weiche, reife F\u00fclle, saftige Schokofrucht, wunderbar herzhaftes Tannin<\/p>\n<p>&nbsp;<\/p>\n","protected":false},"excerpt":{"rendered":"<p>Neusiedlersee Neusiedl\/Jois<\/p>\n<p>trocken<\/p>\n<p>Alkohol 13% Vol.<\/p>\n<p>Verpackt in 6er Karton<\/p>\n","protected":false},"featured_media":1553,"comment_status":"closed","ping_status":"closed","template":"","meta":[],"product_brand":[],"product_cat":[15,40],"product_tag":[52],"class_list":{"0":"post-1180","1":"product","2":"type-product","3":"status-publish","4":"has-post-thumbnail","6":"product_cat-rotwein","7":"product_cat-naturwein","8":"product_tag-joerg-bretz","10":"first","11":"instock","12":"taxable","13":"shipping-taxable","14":"purchasable","15":"product-type-simple"},"_links":{"self":[{"href":"https:\/\/www.binter.wine\/en\/wp-json\/wp\/v2\/product\/1180","targetHints":{"allow":["GET"]}}],"collection":[{"href":"https:\/\/www.binter.wine\/en\/wp-json\/wp\/v2\/product"}],"about":[{"href":"https:\/\/www.binter.wine\/en\/wp-json\/wp\/v2\/types\/product"}],"replies":[{"embeddable":true,"href":"https:\/\/www.binter.wine\/en\/wp-json\/wp\/v2\/comments?post=1180"}],"version-history":[{"count":2,"href":"https:\/\/www.binter.wine\/en\/wp-json\/wp\/v2\/product\/1180\/revisions"}],"predecessor-version":[{"id":1186,"href":"https:\/\/www.binter.wine\/en\/wp-json\/wp\/v2\/product\/1180\/revisions\/1186"}],"wp:featuredmedia":[{"embeddable":true,"href":"https:\/\/www.binter.wine\/en\/wp-json\/wp\/v2\/media\/1553"}],"wp:attachment":[{"href":"https:\/\/www.binter.wine\/en\/wp-json\/wp\/v2\/media?parent=1180"}],"wp:term":[{"taxonomy":"product_brand","embeddable":true,"href":"https:\/\/www.binter.wine\/en\/wp-json\/wp\/v2\/product_brand?post=1180"},{"taxonomy":"product_cat","embeddable":true,"href":"https:\/\/www.binter.wine\/en\/wp-json\/wp\/v2\/product_cat?post=1180"},{"taxonomy":"product_tag","embeddable":true,"href":"https:\/\/www.binter.wine\/en\/wp-json\/wp\/v2\/product_tag?post=1180"}],"curies":[{"name":"wp","href":"https:\/\/api.w.org\/{rel}","templated":true}]}}