{"id":1174,"date":"2023-07-24T23:09:39","date_gmt":"2023-07-24T23:09:39","guid":{"rendered":"https:\/\/www.binter.wine\/?post_type=product&#038;p=1174"},"modified":"2024-02-20T19:54:54","modified_gmt":"2024-02-20T19:54:54","slug":"joerg-bretz-redmann-2012","status":"publish","type":"product","link":"https:\/\/www.binter.wine\/en\/product\/joerg-bretz-redmann-2012\/","title":{"rendered":"J\u00f6rg Bretz Redmann 2012"},"content":{"rendered":"<p>Vinifikation:<\/p>\n<p>Selektion im Weingarten, Handlese, schonende Verarbeitung, sehr moderates, manuelles Untertauchen<br \/>\nMazeration 28 Tage. Kein Pressen, sondern nur frei ablaufender Wein.<\/p>\n<p>Ausbau:<\/p>\n<p>Malolaktik im gro\u00dfen Holz. 36 Monate im Barrique. 42 Monate Reifung im gro\u00dfen Holzfass. Nach nat\u00fcrlicher Kl\u00e4rung 1 Jahr Flaschenreifung.<\/p>\n<p>Weinbeschreibung:<\/p>\n<p>Sauerkirsche, Bitterschokolade, Kardamom, Schlehe<\/p>\n<p>&nbsp;<\/p>\n","protected":false},"excerpt":{"rendered":"<p>Carnuntum, H\u00f6flein<\/p>\n<p>trocken<\/p>\n<p>Alkohol 13,5% Vol.<\/p>\n<p>Verpackt in 6er Karton<\/p>\n","protected":false},"featured_media":1557,"comment_status":"closed","ping_status":"closed","template":"","meta":[],"product_brand":[],"product_cat":[15,40],"product_tag":[52],"class_list":{"0":"post-1174","1":"product","2":"type-product","3":"status-publish","4":"has-post-thumbnail","6":"product_cat-rotwein","7":"product_cat-naturwein","8":"product_tag-joerg-bretz","10":"first","11":"instock","12":"taxable","13":"shipping-taxable","14":"purchasable","15":"product-type-simple"},"_links":{"self":[{"href":"https:\/\/www.binter.wine\/en\/wp-json\/wp\/v2\/product\/1174","targetHints":{"allow":["GET"]}}],"collection":[{"href":"https:\/\/www.binter.wine\/en\/wp-json\/wp\/v2\/product"}],"about":[{"href":"https:\/\/www.binter.wine\/en\/wp-json\/wp\/v2\/types\/product"}],"replies":[{"embeddable":true,"href":"https:\/\/www.binter.wine\/en\/wp-json\/wp\/v2\/comments?post=1174"}],"version-history":[{"count":2,"href":"https:\/\/www.binter.wine\/en\/wp-json\/wp\/v2\/product\/1174\/revisions"}],"predecessor-version":[{"id":1561,"href":"https:\/\/www.binter.wine\/en\/wp-json\/wp\/v2\/product\/1174\/revisions\/1561"}],"wp:featuredmedia":[{"embeddable":true,"href":"https:\/\/www.binter.wine\/en\/wp-json\/wp\/v2\/media\/1557"}],"wp:attachment":[{"href":"https:\/\/www.binter.wine\/en\/wp-json\/wp\/v2\/media?parent=1174"}],"wp:term":[{"taxonomy":"product_brand","embeddable":true,"href":"https:\/\/www.binter.wine\/en\/wp-json\/wp\/v2\/product_brand?post=1174"},{"taxonomy":"product_cat","embeddable":true,"href":"https:\/\/www.binter.wine\/en\/wp-json\/wp\/v2\/product_cat?post=1174"},{"taxonomy":"product_tag","embeddable":true,"href":"https:\/\/www.binter.wine\/en\/wp-json\/wp\/v2\/product_tag?post=1174"}],"curies":[{"name":"wp","href":"https:\/\/api.w.org\/{rel}","templated":true}]}}