{"id":1167,"date":"2023-07-24T23:03:59","date_gmt":"2023-07-24T23:03:59","guid":{"rendered":"https:\/\/www.binter.wine\/?post_type=product&#038;p=1167"},"modified":"2024-02-20T19:55:22","modified_gmt":"2024-02-20T19:55:22","slug":"joerg-bretz-schillerberg-2015","status":"publish","type":"product","link":"https:\/\/www.binter.wine\/en\/product\/joerg-bretz-schillerberg-2015\/","title":{"rendered":"J\u00f6rg Bretz Schillerberg 2015"},"content":{"rendered":"<p>40 % Zweigelt und 60 % Blaufr\u00e4nkisch<\/p>\n<p>Vinifikation:<\/p>\n<p>Selektion im Weingarten, Handlese, schonende Verarbeitung, 10% bis 15% Saftentzug der Rotweine,<br \/>\nkein Pressen sondern nur frei ablaufender Saft, Spontang\u00e4rung<\/p>\n<p>Ausbau:<\/p>\n<p>24 Monate im gebrauchten Barrique, 42 Monate Reifung im gro\u00dfen Holzfass. Nach nat\u00fcrlicher Kl\u00e4rung.<\/p>\n<p>6 Monate Flaschenreife<\/p>\n<p>Weinbeschreibung:<\/p>\n<p>Walderdbeere, Sauerkirsche, frischer Waldboden<\/p>\n<p>&nbsp;<\/p>\n","protected":false},"excerpt":{"rendered":"<p>Neusiedlersee Neusiedl\/Jois<\/p>\n<p>trocken<\/p>\n<p>Alkohol 13% Vol.<\/p>\n<p>Verpackt in 6er Karton<\/p>\n","protected":false},"featured_media":1169,"comment_status":"closed","ping_status":"closed","template":"","meta":[],"product_brand":[],"product_cat":[40,24],"product_tag":[52],"class_list":{"0":"post-1167","1":"product","2":"type-product","3":"status-publish","4":"has-post-thumbnail","6":"product_cat-naturwein","7":"product_cat-rose","8":"product_tag-joerg-bretz","10":"first","11":"instock","12":"taxable","13":"shipping-taxable","14":"purchasable","15":"product-type-simple"},"_links":{"self":[{"href":"https:\/\/www.binter.wine\/en\/wp-json\/wp\/v2\/product\/1167","targetHints":{"allow":["GET"]}}],"collection":[{"href":"https:\/\/www.binter.wine\/en\/wp-json\/wp\/v2\/product"}],"about":[{"href":"https:\/\/www.binter.wine\/en\/wp-json\/wp\/v2\/types\/product"}],"replies":[{"embeddable":true,"href":"https:\/\/www.binter.wine\/en\/wp-json\/wp\/v2\/comments?post=1167"}],"version-history":[{"count":3,"href":"https:\/\/www.binter.wine\/en\/wp-json\/wp\/v2\/product\/1167\/revisions"}],"predecessor-version":[{"id":1877,"href":"https:\/\/www.binter.wine\/en\/wp-json\/wp\/v2\/product\/1167\/revisions\/1877"}],"wp:featuredmedia":[{"embeddable":true,"href":"https:\/\/www.binter.wine\/en\/wp-json\/wp\/v2\/media\/1169"}],"wp:attachment":[{"href":"https:\/\/www.binter.wine\/en\/wp-json\/wp\/v2\/media?parent=1167"}],"wp:term":[{"taxonomy":"product_brand","embeddable":true,"href":"https:\/\/www.binter.wine\/en\/wp-json\/wp\/v2\/product_brand?post=1167"},{"taxonomy":"product_cat","embeddable":true,"href":"https:\/\/www.binter.wine\/en\/wp-json\/wp\/v2\/product_cat?post=1167"},{"taxonomy":"product_tag","embeddable":true,"href":"https:\/\/www.binter.wine\/en\/wp-json\/wp\/v2\/product_tag?post=1167"}],"curies":[{"name":"wp","href":"https:\/\/api.w.org\/{rel}","templated":true}]}}