{"id":1161,"date":"2023-07-24T22:59:36","date_gmt":"2023-07-24T22:59:36","guid":{"rendered":"https:\/\/www.binter.wine\/?post_type=product&#038;p=1161"},"modified":"2025-12-05T16:32:34","modified_gmt":"2025-12-05T16:32:34","slug":"joerg-bretz-blaufraenkisch-seeberg-2006","status":"publish","type":"product","link":"https:\/\/www.binter.wine\/en\/product\/joerg-bretz-blaufraenkisch-seeberg-2006\/","title":{"rendered":"J\u00f6rg Bretz Blaufr\u00e4nkisch Seeberg 2006"},"content":{"rendered":"<p>Vinifikation:<\/p>\n<p>Selektion im Weingarten, Handlese, schonende Verarbeitung, mehrmaliges Durchsto\u00dfen des<br \/>\nMaischekuchens pro Tag, Mazeration 30 Tage, kein Pressen sondern nur frei ablaufender Wein<\/p>\n<p>Ausbau:<\/p>\n<p>6 Monate nat\u00fcrliche Sedimentation im gro\u00dfen Holzfass, danach 30 Monate im kleinen Eichenfass, danach 12 Monate Reifung im gro\u00dfen Holz, 12 Monate Flaschenreife<\/p>\n<p>Weinbeschreibung:<\/p>\n<p>Schwarze Johannisbeere, Heidelbeere, Brombeere, Hollerkoch<\/p>\n<p>&nbsp;<\/p>\n","protected":false},"excerpt":{"rendered":"<p>Neusiedlersee Neusiedl\/Jois<\/p>\n<p>trocken<\/p>\n<p>Alkohol 13,5% Vol.<\/p>\n<p>Verpackt in 6er Karton<\/p>\n","protected":false},"featured_media":1562,"comment_status":"closed","ping_status":"closed","template":"","meta":[],"product_brand":[],"product_cat":[15,40],"product_tag":[52],"class_list":{"0":"post-1161","1":"product","2":"type-product","3":"status-publish","4":"has-post-thumbnail","6":"product_cat-rotwein","7":"product_cat-naturwein","8":"product_tag-joerg-bretz","10":"first","11":"outofstock","12":"taxable","13":"shipping-taxable","14":"purchasable","15":"product-type-simple"},"_links":{"self":[{"href":"https:\/\/www.binter.wine\/en\/wp-json\/wp\/v2\/product\/1161","targetHints":{"allow":["GET"]}}],"collection":[{"href":"https:\/\/www.binter.wine\/en\/wp-json\/wp\/v2\/product"}],"about":[{"href":"https:\/\/www.binter.wine\/en\/wp-json\/wp\/v2\/types\/product"}],"replies":[{"embeddable":true,"href":"https:\/\/www.binter.wine\/en\/wp-json\/wp\/v2\/comments?post=1161"}],"version-history":[{"count":2,"href":"https:\/\/www.binter.wine\/en\/wp-json\/wp\/v2\/product\/1161\/revisions"}],"predecessor-version":[{"id":1878,"href":"https:\/\/www.binter.wine\/en\/wp-json\/wp\/v2\/product\/1161\/revisions\/1878"}],"wp:featuredmedia":[{"embeddable":true,"href":"https:\/\/www.binter.wine\/en\/wp-json\/wp\/v2\/media\/1562"}],"wp:attachment":[{"href":"https:\/\/www.binter.wine\/en\/wp-json\/wp\/v2\/media?parent=1161"}],"wp:term":[{"taxonomy":"product_brand","embeddable":true,"href":"https:\/\/www.binter.wine\/en\/wp-json\/wp\/v2\/product_brand?post=1161"},{"taxonomy":"product_cat","embeddable":true,"href":"https:\/\/www.binter.wine\/en\/wp-json\/wp\/v2\/product_cat?post=1161"},{"taxonomy":"product_tag","embeddable":true,"href":"https:\/\/www.binter.wine\/en\/wp-json\/wp\/v2\/product_tag?post=1161"}],"curies":[{"name":"wp","href":"https:\/\/api.w.org\/{rel}","templated":true}]}}