{"id":1155,"date":"2023-07-24T22:51:49","date_gmt":"2023-07-24T22:51:49","guid":{"rendered":"https:\/\/www.binter.wine\/?post_type=product&#038;p=1155"},"modified":"2024-02-20T19:56:34","modified_gmt":"2024-02-20T19:56:34","slug":"joerg-bretz-weisser-berg-2015","status":"publish","type":"product","link":"https:\/\/www.binter.wine\/en\/product\/joerg-bretz-weisser-berg-2015\/","title":{"rendered":"J\u00f6rg Bretz Wei\u00dfer Berg 2015"},"content":{"rendered":"<p>Gr\u00fcner Veltliner 40 %, Wei\u00dfburgunder 60 %<\/p>\n<p>Vinifikation:<\/p>\n<p>Selektion im Weinberg, Handlese, 72 Stunden Maischestandzeit, pressen, grobe Sedimentation,<br \/>\nSpontang\u00e4rung, Lagerung im gro\u00dfen Holz.<\/p>\n<p>Ausbau:<\/p>\n<p>66 Monate im gro\u00dfen Holzfass, nat\u00fcrliche Kl\u00e4rung, 12 Monate Reifung in der Flasche.<\/p>\n<p>Weinbeschreibung:<\/p>\n<p>Mispel, Berlepsch, alte Zwetschke, Vogelkirsche<\/p>\n<p>&nbsp;<\/p>\n","protected":false},"excerpt":{"rendered":"<p>Neusiedlersee\/Neusiedl<\/p>\n<p>trocken<\/p>\n<p>Alkohol 13% Vol.<\/p>\n<p>Verpackt in 6er Karton<\/p>\n","protected":false},"featured_media":1567,"comment_status":"closed","ping_status":"closed","template":"","meta":[],"product_brand":[],"product_cat":[40,22],"product_tag":[52],"class_list":{"0":"post-1155","1":"product","2":"type-product","3":"status-publish","4":"has-post-thumbnail","6":"product_cat-naturwein","7":"product_cat-weisswein","8":"product_tag-joerg-bretz","10":"first","11":"instock","12":"taxable","13":"shipping-taxable","14":"purchasable","15":"product-type-simple"},"_links":{"self":[{"href":"https:\/\/www.binter.wine\/en\/wp-json\/wp\/v2\/product\/1155","targetHints":{"allow":["GET"]}}],"collection":[{"href":"https:\/\/www.binter.wine\/en\/wp-json\/wp\/v2\/product"}],"about":[{"href":"https:\/\/www.binter.wine\/en\/wp-json\/wp\/v2\/types\/product"}],"replies":[{"embeddable":true,"href":"https:\/\/www.binter.wine\/en\/wp-json\/wp\/v2\/comments?post=1155"}],"version-history":[{"count":2,"href":"https:\/\/www.binter.wine\/en\/wp-json\/wp\/v2\/product\/1155\/revisions"}],"predecessor-version":[{"id":1879,"href":"https:\/\/www.binter.wine\/en\/wp-json\/wp\/v2\/product\/1155\/revisions\/1879"}],"wp:featuredmedia":[{"embeddable":true,"href":"https:\/\/www.binter.wine\/en\/wp-json\/wp\/v2\/media\/1567"}],"wp:attachment":[{"href":"https:\/\/www.binter.wine\/en\/wp-json\/wp\/v2\/media?parent=1155"}],"wp:term":[{"taxonomy":"product_brand","embeddable":true,"href":"https:\/\/www.binter.wine\/en\/wp-json\/wp\/v2\/product_brand?post=1155"},{"taxonomy":"product_cat","embeddable":true,"href":"https:\/\/www.binter.wine\/en\/wp-json\/wp\/v2\/product_cat?post=1155"},{"taxonomy":"product_tag","embeddable":true,"href":"https:\/\/www.binter.wine\/en\/wp-json\/wp\/v2\/product_tag?post=1155"}],"curies":[{"name":"wp","href":"https:\/\/api.w.org\/{rel}","templated":true}]}}