{"id":1104,"date":"2023-07-24T19:38:58","date_gmt":"2023-07-24T19:38:58","guid":{"rendered":"https:\/\/www.binter.wine\/?post_type=product&#038;p=1104"},"modified":"2023-08-10T03:45:09","modified_gmt":"2023-08-10T03:45:09","slug":"joerg-bretz-mueller-thurgau-2017","status":"publish","type":"product","link":"https:\/\/www.binter.wine\/en\/product\/joerg-bretz-mueller-thurgau-2017\/","title":{"rendered":"J\u00f6rg Bretz M\u00fcller Thurgau 2017"},"content":{"rendered":"<p>Vinifikation:<\/p>\n<p>Selektion im Weinberg, Handlese, 14 Tage Mazeration, pressen, grobe Sedimentation, Spontang\u00e4rung, Lagerung im gro\u00dfen Holz. 48 Monate im gro\u00dfen Holzfa\u00df, nat\u00fcrliche Kl\u00e4rung, 5 Monate Reifung in der Flasche.<\/p>\n<p>Ausbau:<\/p>\n<p>48 Monate im gro\u00dfen Holzfa\u00df, nat\u00fcrliche Kl\u00e4rung, 5 Monate Reifung in der Flasche.<\/p>\n<p>Weinbeschreibung:<\/p>\n<p>Pflaume, Williams Christ, Zitronenmelisse<\/p>\n<p>&nbsp;<\/p>\n","protected":false},"excerpt":{"rendered":"<p>Neusiedlersee<\/p>\n<p>trocken<\/p>\n<p>Alkohol 12% Vol.<\/p>\n<p>Verpackt in 6er Karton<\/p>\n","protected":false},"featured_media":1580,"comment_status":"closed","ping_status":"closed","template":"","meta":[],"product_brand":[],"product_cat":[40,22],"product_tag":[52],"class_list":{"0":"post-1104","1":"product","2":"type-product","3":"status-publish","4":"has-post-thumbnail","6":"product_cat-naturwein","7":"product_cat-weisswein","8":"product_tag-joerg-bretz","10":"first","11":"instock","12":"taxable","13":"shipping-taxable","14":"purchasable","15":"product-type-simple"},"_links":{"self":[{"href":"https:\/\/www.binter.wine\/en\/wp-json\/wp\/v2\/product\/1104","targetHints":{"allow":["GET"]}}],"collection":[{"href":"https:\/\/www.binter.wine\/en\/wp-json\/wp\/v2\/product"}],"about":[{"href":"https:\/\/www.binter.wine\/en\/wp-json\/wp\/v2\/types\/product"}],"replies":[{"embeddable":true,"href":"https:\/\/www.binter.wine\/en\/wp-json\/wp\/v2\/comments?post=1104"}],"version-history":[{"count":3,"href":"https:\/\/www.binter.wine\/en\/wp-json\/wp\/v2\/product\/1104\/revisions"}],"predecessor-version":[{"id":1209,"href":"https:\/\/www.binter.wine\/en\/wp-json\/wp\/v2\/product\/1104\/revisions\/1209"}],"wp:featuredmedia":[{"embeddable":true,"href":"https:\/\/www.binter.wine\/en\/wp-json\/wp\/v2\/media\/1580"}],"wp:attachment":[{"href":"https:\/\/www.binter.wine\/en\/wp-json\/wp\/v2\/media?parent=1104"}],"wp:term":[{"taxonomy":"product_brand","embeddable":true,"href":"https:\/\/www.binter.wine\/en\/wp-json\/wp\/v2\/product_brand?post=1104"},{"taxonomy":"product_cat","embeddable":true,"href":"https:\/\/www.binter.wine\/en\/wp-json\/wp\/v2\/product_cat?post=1104"},{"taxonomy":"product_tag","embeddable":true,"href":"https:\/\/www.binter.wine\/en\/wp-json\/wp\/v2\/product_tag?post=1104"}],"curies":[{"name":"wp","href":"https:\/\/api.w.org\/{rel}","templated":true}]}}